{"id":764,"date":"2025-07-14T20:19:18","date_gmt":"2025-07-14T20:19:18","guid":{"rendered":"https:\/\/airplugs-adventures.com\/?page_id=764"},"modified":"2025-07-14T20:20:33","modified_gmt":"2025-07-14T20:20:33","slug":"production-process","status":"publish","type":"page","link":"https:\/\/airplugs-adventures.com\/sl\/production-process\/","title":{"rendered":"HOW AIRPLUGS ARE MADE?"},"content":{"rendered":"<section style=\"max-width: 1200px; margin: 0 auto; padding: 60px 20px; font-family: sans-serif;\">\n  <h2 style=\"text-align: center; color: #4b5eaa; font-size: 32px; font-weight: bold;\">Postopek izdelave<\/h2>\n  <p style=\"text-align: center; color: #e54e26; font-size: 18px; margin-bottom: 40px; font-weight: bold;\">\n    Potrebno je rezervirati termin \u2014 traja pribli\u017eno 20 minut!\n  <\/p>\n\n  <!-- Steps -->\n  <div style=\"display: flex; flex-wrap: wrap; justify-content: center; gap: 30px;\">\n\n    <!-- Step 1 -->\n    <div style=\"background: #bde3dc; border-radius: 20px; overflow: hidden; flex: 1 1 250px; max-width: 280px; box-shadow: 0 8px 20px rgba(0,0,0,0.1);\">\n      <img decoding=\"async\" src=\"https:\/\/airplugs-adventures.com\/wp-content\/uploads\/2025\/07\/IMG_7388_edited_edited-1.jpg\" alt=\"Ear inspection\" style=\"width: 100%; display: block;\" \/>\n      <div style=\"padding: 15px; text-align: center;\">\n        <h4 style=\"font-weight: bold; margin-bottom: 10px;\">Pregled u\u0161es<\/h4>\n        <p style=\"font-size: 14px; line-height: 1.5;\">Strokovnjak pregleda va\u0161 sluhovod za prisotnost u\u0161esnega masla ali tujkov.<\/p>\n      <\/div>\n    <\/div>\n\n    <!-- Step 2 -->\n    <div style=\"background: #d5e04d; border-radius: 20px; overflow: hidden; flex: 1 1 250px; max-width: 280px; box-shadow: 0 8px 20px rgba(0,0,0,0.1);\">\n      <img decoding=\"async\" src=\"https:\/\/airplugs-adventures.com\/wp-content\/uploads\/2025\/07\/86c66883-c82e-4592-81a2-005acff72bb7-scaled.png\" alt=\"Ottoblock insert\" style=\"width: 100%; display: block;\" \/>\n      <div style=\"padding: 15px; text-align: center;\">\n        <h4 style=\"font-weight: bold; margin-bottom: 10px;\">Vlo\u017eek Ottoblock<\/h4>\n        <p style=\"font-size: 14px; line-height: 1.5;\">Vstavi se otoblok, ki \u0161\u010diti bobni\u010d.<\/p>\n      <\/div>\n    <\/div>\n\n    <!-- Step 3 -->\n    <div style=\"background: #a5a0cf; border-radius: 20px; overflow: hidden; flex: 1 1 250px; max-width: 280px; box-shadow: 0 8px 20px rgba(0,0,0,0.1);\">\n      <img decoding=\"async\" src=\"https:\/\/airplugs-adventures.com\/wp-content\/uploads\/2025\/07\/IMG_7362-scaled.jpg\" alt=\"Color selection\" style=\"width: 100%; display: block;\" \/>\n      <div style=\"padding: 15px; text-align: center;\">\n        <h4 style=\"font-weight: bold; margin-bottom: 10px;\">Izbira barv<\/h4>\n        <p style=\"font-size: 14px; line-height: 1.5;\">Izberete svoje barve silikona, zme\u0161ane posebej za vas.<\/p>\n      <\/div>\n    <\/div>\n\n    <!-- Step 4 -->\n    <div style=\"background: #e54e26; border-radius: 20px; overflow: hidden; flex: 1 1 250px; max-width: 280px; box-shadow: 0 8px 20px rgba(0,0,0,0.1);\">\n      <img decoding=\"async\" src=\"https:\/\/airplugs-adventures.com\/wp-content\/uploads\/2025\/07\/IMG_0921_edited.jpg\" alt=\"Silicone injection\" style=\"width: 100%; display: block;\" \/>\n      <div style=\"padding: 15px; text-align: center;\">\n        <h4 style=\"font-weight: bold; margin-bottom: 10px;\">Silicone injection<\/h4>\n        <p style=\"font-size: 14px; line-height: 1.5;\">Strokovnjak vbrizga zme\u0161ani silikon v va\u0161e uho, da ustvari odtis.<\/p>\n      <\/div>\n    <\/div>\n\n  <\/div>\n\n  <!-- Post appointment title -->\n  <h3 style=\"text-align: center; color: #d5e04d; font-size: 22px; font-weight: bold; margin-top: 50px; margin-bottom: 20px;\">Kaj sledi po na\u0161em sre\u010danju:<\/h3>\n\n  <!-- Post appointment steps -->\n  <div style=\"display: flex; flex-wrap: wrap; justify-content: center; gap: 30px;\">\n\n    <!-- Processing -->\n    <div style=\"background: #bde3dc; border-radius: 20px; overflow: hidden; flex: 1 1 250px; max-width: 300px; box-shadow: 0 8px 20px rgba(0,0,0,0.1);\">\n      <img decoding=\"async\" src=\"https:\/\/airplugs-adventures.com\/wp-content\/uploads\/2025\/07\/IMG_0992-1.jpg\" alt=\"Processing\" style=\"width: 100%; display: block;\" \/>\n      <div style=\"padding: 15px; text-align: center;\">\n        <h4 style=\"font-weight: bold; margin-bottom: 10px;\">Izdelava<\/h4>\n        <p style=\"font-size: 14px; line-height: 1.5;\">Bru\u0161enje, glajenje, nanos sijajnega premaza, dodajanje filtrov, vrvic ali drugih dodatkov.<\/p>\n      <\/div>\n    <\/div>\n\n    <!-- Final product -->\n    <div style=\"background: #a5a0cf; border-radius: 20px; overflow: hidden; flex: 1 1 250px; max-width: 300px; box-shadow: 0 8px 20px rgba(0,0,0,0.1);\">\n      <img decoding=\"async\" src=\"https:\/\/airplugs-adventures.com\/wp-content\/uploads\/2025\/07\/5fed87f8-3b4c-47c2-bcf5-82813a6681e4.jpg\" alt=\"Final product\" style=\"width: 100%; display: block;\" \/>\n      <div style=\"padding: 15px; text-align: center;\">\n        <h4 style=\"font-weight: bold; margin-bottom: 10px;\">Kon\u010dni produkt<\/h4>\n        <p style=\"font-size: 14px; line-height: 1.5;\">Po enem dnevu: Airplugs so pripravljeni, da osre\u010dijo va\u0161a u\u0161esa!<\/p>\n      <\/div>\n    <\/div>\n\n  <\/div>\n<\/section>","protected":false},"excerpt":{"rendered":"<p>Production process You need to make an appointment \u2014 it takes about 20 minutes! Ear inspection Specialist checks your ear canal for cerumen or foreign bodies. Ottoblock insert An otoblock [&hellip;]<\/p>","protected":false},"author":1,"featured_media":0,"parent":0,"menu_order":0,"comment_status":"closed","ping_status":"closed","template":"","meta":{"site-sidebar-layout":"default","site-content-layout":"","ast-site-content-layout":"default","site-content-style":"default","site-sidebar-style":"default","ast-global-header-display":"","ast-banner-title-visibility":"","ast-main-header-display":"","ast-hfb-above-header-display":"","ast-hfb-below-header-display":"","ast-hfb-mobile-header-display":"","site-post-title":"","ast-breadcrumbs-content":"","ast-featured-img":"","footer-sml-layout":"","theme-transparent-header-meta":"","adv-header-id-meta":"","stick-header-meta":"","header-above-stick-meta":"","header-main-stick-meta":"","header-below-stick-meta":"","astra-migrate-meta-layouts":"default","ast-page-background-enabled":"default","ast-page-background-meta":{"desktop":{"background-color":"var(--ast-global-color-5)","background-image":"","background-repeat":"repeat","background-position":"center center","background-size":"auto","background-attachment":"scroll","background-type":"","background-media":"","overlay-type":"","overlay-color":"","overlay-opacity":"","overlay-gradient":""},"tablet":{"background-color":"","background-image":"","background-repeat":"repeat","background-position":"center center","background-size":"auto","background-attachment":"scroll","background-type":"","background-media":"","overlay-type":"","overlay-color":"","overlay-opacity":"","overlay-gradient":""},"mobile":{"background-color":"","background-image":"","background-repeat":"repeat","background-position":"center center","background-size":"auto","background-attachment":"scroll","background-type":"","background-media":"","overlay-type":"","overlay-color":"","overlay-opacity":"","overlay-gradient":""}},"ast-content-background-meta":{"desktop":{"background-color":"var(--ast-global-color-4)","background-image":"","background-repeat":"repeat","background-position":"center center","background-size":"auto","background-attachment":"scroll","background-type":"","background-media":"","overlay-type":"","overlay-color":"","overlay-opacity":"","overlay-gradient":""},"tablet":{"background-color":"var(--ast-global-color-4)","background-image":"","background-repeat":"repeat","background-position":"center center","background-size":"auto","background-attachment":"scroll","background-type":"","background-media":"","overlay-type":"","overlay-color":"","overlay-opacity":"","overlay-gradient":""},"mobile":{"background-color":"var(--ast-global-color-4)","background-image":"","background-repeat":"repeat","background-position":"center center","background-size":"auto","background-attachment":"scroll","background-type":"","background-media":"","overlay-type":"","overlay-color":"","overlay-opacity":"","overlay-gradient":""}},"_price":"","_stock":"","_tribe_ticket_header":"","_tribe_default_ticket_provider":"","_tribe_ticket_capacity":"0","_ticket_start_date":"","_ticket_end_date":"","_tribe_ticket_show_description":"","_tribe_ticket_show_not_going":false,"_tribe_ticket_use_global_stock":"","_tribe_ticket_global_stock_level":"","_global_stock_mode":"","_global_stock_cap":"","_tribe_rsvp_for_event":"","_tribe_ticket_going_count":"","_tribe_ticket_not_going_count":"","_tribe_tickets_list":"[]","_tribe_ticket_has_attendee_info_fields":false,"footnotes":"","_tec_slr_enabled":"","_tec_slr_layout":""},"class_list":["post-764","page","type-page","status-publish","hentry"],"ticketed":false,"_links":{"self":[{"href":"https:\/\/airplugs-adventures.com\/sl\/wp-json\/wp\/v2\/pages\/764","targetHints":{"allow":["GET"]}}],"collection":[{"href":"https:\/\/airplugs-adventures.com\/sl\/wp-json\/wp\/v2\/pages"}],"about":[{"href":"https:\/\/airplugs-adventures.com\/sl\/wp-json\/wp\/v2\/types\/page"}],"author":[{"embeddable":true,"href":"https:\/\/airplugs-adventures.com\/sl\/wp-json\/wp\/v2\/users\/1"}],"replies":[{"embeddable":true,"href":"https:\/\/airplugs-adventures.com\/sl\/wp-json\/wp\/v2\/comments?post=764"}],"version-history":[{"count":2,"href":"https:\/\/airplugs-adventures.com\/sl\/wp-json\/wp\/v2\/pages\/764\/revisions"}],"predecessor-version":[{"id":767,"href":"https:\/\/airplugs-adventures.com\/sl\/wp-json\/wp\/v2\/pages\/764\/revisions\/767"}],"wp:attachment":[{"href":"https:\/\/airplugs-adventures.com\/sl\/wp-json\/wp\/v2\/media?parent=764"}],"curies":[{"name":"wp","href":"https:\/\/api.w.org\/{rel}","templated":true}]}}